{"id":2544,"date":"2024-01-15T15:51:30","date_gmt":"2024-01-15T14:51:30","guid":{"rendered":"https:\/\/youngsnakes.ch\/regolamento\/"},"modified":"2025-10-13T14:55:17","modified_gmt":"2025-10-13T12:55:17","slug":"regolamento","status":"publish","type":"page","link":"https:\/\/youngsnakes.ch\/de\/under-10\/regolamento\/","title":{"rendered":"Turnierreglement"},"content":{"rendered":"<p><section data-bb-version=\"4.7.6\" id=\"bt_bb_section69faaf2f05180\" class=\"bt_bb_section bt_bb_layout_boxed_left_right_1200 bt_bb_vertical_align_top bt_bb_top_spacing_normal bt_bb_bottom_spacing_normal bt_bb_top_negative_margin_normal bt_bb_highlight_shadow\" style=\";background-color:rgb(255,255,255);\" data-bt-override-class=\"{&quot;bt_bb_top_spacing_&quot;:{&quot;current_class&quot;:&quot;bt_bb_top_spacing_normal&quot;,&quot;def&quot;:&quot;normal&quot;},&quot;bt_bb_bottom_spacing_&quot;:{&quot;current_class&quot;:&quot;bt_bb_bottom_spacing_normal&quot;,&quot;def&quot;:&quot;normal&quot;}}\"><div class=\"bt_bb_port\"><div class=\"bt_bb_cell\"><div class=\"bt_bb_cell_inner\"><div class=\"bt_bb_row \"  data-bt-override-class=\"{}\"><div class=\"bt_bb_row_holder\" ><\/div><\/div><div data-bb-version=\"4.7.6\" class=\"bt_bb_row \"  data-bt-override-class=\"{}\"><div class=\"bt_bb_row_holder\" ><div data-bb-version=\"4.7.6\"  class=\"bt_bb_column col-xxl-12 col-xl-12 col-xs-12 col-sm-12 col-md-12 col-lg-12 bt_bb_vertical_align_top bt_bb_align_left bt_bb_padding_normal\" style=\"; --column-width:12;\" data-width=\"12\" data-bt-override-class=\"{}\"><div class=\"bt_bb_column_content\"><div class=\"bt_bb_column_content_inner\"><header data-bb-version=\"5.4.7\" class=\"bt_bb_headline bt_bb_color_scheme_5 bt_bb_dash_none bt_bb_superheadline bt_bb_superheadline_outside bt_bb_subheadline bt_bb_size_inherit bt_bb_align_inherit\" style=\"; --primary-color:#191919; --secondary-color:#fe0000;\" data-bt-override-class=\"{&quot;bt_bb_size_&quot;:{&quot;current_class&quot;:&quot;bt_bb_size_inherit&quot;,&quot;def&quot;:&quot;inherit&quot;},&quot;bt_bb_align_&quot;:{&quot;current_class&quot;:&quot;bt_bb_align_inherit&quot;,&quot;def&quot;:&quot;inherit&quot;},&quot;bt_bb_animation_&quot;:{&quot;current_class&quot;:&quot;bt_bb_animation_no_animation&quot;,&quot;def&quot;:&quot;no_animation&quot;}}\"><div class=\"bt_bb_headline_superheadline_outside\"><span class=\"bt_bb_headline_superheadline\">Reglement 2026<\/span><\/div><h1 class=\"bt_bb_headline_tag\"><span class=\"bt_bb_headline_content\"><span><strong>Young Snakes U10<\/strong> Memorial Claudia e Francesco<\/span><\/span><\/h1><div class=\"bt_bb_headline_subheadline\">Verbindliche Version ist die italienische Originalfassung<\/div><\/header><div data-bb-version=\"4.7.6\" class=\"bt_bb_separator bt_bb_border_style_none bt_bb_top_spacing_small bt_bb_bottom_spacing_small\" data-bt-override-class=\"{&quot;bt_bb_top_spacing_&quot;:{&quot;current_class&quot;:&quot;bt_bb_top_spacing_small&quot;,&quot;def&quot;:&quot;small&quot;},&quot;bt_bb_bottom_spacing_&quot;:{&quot;current_class&quot;:&quot;bt_bb_bottom_spacing_small&quot;,&quot;def&quot;:&quot;small&quot;}}\"><\/div><header data-bb-version=\"4.7.6\" class=\"bt_bb_headline bt_bb_text_transform_uppercase bt_bb_superheadline_font_weight_900 bt_bb_subheadline_text_transform_default bt_bb_color_scheme_5 bt_bb_dash_none bt_bb_size_inherit bt_bb_align_inherit\" style=\"; --primary-color:#191919; --secondary-color:#fe0000;\" data-bt-override-class=\"{&quot;bt_bb_size_&quot;:{&quot;current_class&quot;:&quot;bt_bb_size_inherit&quot;,&quot;def&quot;:&quot;inherit&quot;},&quot;bt_bb_align_&quot;:{&quot;current_class&quot;:&quot;bt_bb_align_inherit&quot;,&quot;def&quot;:&quot;inherit&quot;}}\"><h1 style=\"font-size:1.5rem\" class=\"bt_bb_headline_tag\"><span class=\"bt_bb_headline_content\"><span><strong>1. Kategorie<\/strong><\/span><\/span><\/h1><\/header><div data-bb-version=\"4.7.6\" class=\"bt_bb_separator bt_bb_border_style_none bt_bb_top_spacing_extra_small bt_bb_bottom_spacing_none\" data-bt-override-class=\"{&quot;bt_bb_top_spacing_&quot;:{&quot;current_class&quot;:&quot;bt_bb_top_spacing_extra_small&quot;,&quot;def&quot;:&quot;extra_small&quot;},&quot;bt_bb_bottom_spacing_&quot;:{&quot;current_class&quot;:&quot;bt_bb_bottom_spacing_none&quot;,&quot;def&quot;:&quot;none&quot;}}\"><\/div><div data-bb-version=\"4.7.6\"  class=\"bt_bb_text\" ><\/p>\n<p>Spielberechtigt sind alle Spieler und Spielerinnen die nach dem 1. Januar 2016 geboren sind. Jeder Spieler ben\u00f6tigt einen g\u00fcltigen Personalausweis, der den Organisatoren auf Anfrage vorgewiesen werden muss.<\/p>\n<p>\n<\/div><div data-bb-version=\"4.7.6\" class=\"bt_bb_separator bt_bb_border_style_none bt_bb_top_spacing_small bt_bb_bottom_spacing_small\" data-bt-override-class=\"{&quot;bt_bb_top_spacing_&quot;:{&quot;current_class&quot;:&quot;bt_bb_top_spacing_small&quot;,&quot;def&quot;:&quot;small&quot;},&quot;bt_bb_bottom_spacing_&quot;:{&quot;current_class&quot;:&quot;bt_bb_bottom_spacing_small&quot;,&quot;def&quot;:&quot;small&quot;}}\"><\/div><header data-bb-version=\"4.7.6\" class=\"bt_bb_headline bt_bb_text_transform_uppercase bt_bb_superheadline_font_weight_900 bt_bb_subheadline_text_transform_default bt_bb_color_scheme_5 bt_bb_dash_none bt_bb_size_inherit bt_bb_align_inherit\" style=\"; --primary-color:#191919; --secondary-color:#fe0000;\" data-bt-override-class=\"{&quot;bt_bb_size_&quot;:{&quot;current_class&quot;:&quot;bt_bb_size_inherit&quot;,&quot;def&quot;:&quot;inherit&quot;},&quot;bt_bb_align_&quot;:{&quot;current_class&quot;:&quot;bt_bb_align_inherit&quot;,&quot;def&quot;:&quot;inherit&quot;}}\"><h1 style=\"font-size:1.5rem\" class=\"bt_bb_headline_tag\"><span class=\"bt_bb_headline_content\"><span><strong>2. Programm<\/strong><\/span><\/span><\/h1><\/header><div data-bb-version=\"4.7.6\" class=\"bt_bb_separator bt_bb_border_style_none bt_bb_top_spacing_extra_small bt_bb_bottom_spacing_none\" data-bt-override-class=\"{&quot;bt_bb_top_spacing_&quot;:{&quot;current_class&quot;:&quot;bt_bb_top_spacing_extra_small&quot;,&quot;def&quot;:&quot;extra_small&quot;},&quot;bt_bb_bottom_spacing_&quot;:{&quot;current_class&quot;:&quot;bt_bb_bottom_spacing_none&quot;,&quot;def&quot;:&quot;none&quot;}}\"><\/div><div data-bb-version=\"4.7.6\"  class=\"bt_bb_text\" ><\/p>\n<p>Am Turnier nehmen 16 Mannschaften teil, die in zwei Gruppen mit 8 Mannschaften aufgeteilt werden. Jedes Team f\u00fchrt 8 Spiele durch: 7 Gruppenspiele und 1 Platzierungsspiel.<\/p>\n<p>\n<\/div><div data-bb-version=\"4.7.6\" class=\"bt_bb_separator bt_bb_border_style_none bt_bb_top_spacing_small bt_bb_bottom_spacing_small\" data-bt-override-class=\"{&quot;bt_bb_top_spacing_&quot;:{&quot;current_class&quot;:&quot;bt_bb_top_spacing_small&quot;,&quot;def&quot;:&quot;small&quot;},&quot;bt_bb_bottom_spacing_&quot;:{&quot;current_class&quot;:&quot;bt_bb_bottom_spacing_small&quot;,&quot;def&quot;:&quot;small&quot;}}\"><\/div><header data-bb-version=\"4.7.6\" class=\"bt_bb_headline bt_bb_text_transform_uppercase bt_bb_superheadline_font_weight_900 bt_bb_subheadline_text_transform_default bt_bb_color_scheme_5 bt_bb_dash_none bt_bb_size_inherit bt_bb_align_inherit\" style=\"; --primary-color:#191919; --secondary-color:#fe0000;\" data-bt-override-class=\"{&quot;bt_bb_size_&quot;:{&quot;current_class&quot;:&quot;bt_bb_size_inherit&quot;,&quot;def&quot;:&quot;inherit&quot;},&quot;bt_bb_align_&quot;:{&quot;current_class&quot;:&quot;bt_bb_align_inherit&quot;,&quot;def&quot;:&quot;inherit&quot;}}\"><h1 style=\"font-size:1.5rem\" class=\"bt_bb_headline_tag\"><span class=\"bt_bb_headline_content\"><span><strong>3. Mannschaftszusammensetzung<\/strong><\/span><\/span><\/h1><\/header><div data-bb-version=\"4.7.6\" class=\"bt_bb_separator bt_bb_border_style_none bt_bb_top_spacing_extra_small bt_bb_bottom_spacing_none\" data-bt-override-class=\"{&quot;bt_bb_top_spacing_&quot;:{&quot;current_class&quot;:&quot;bt_bb_top_spacing_extra_small&quot;,&quot;def&quot;:&quot;extra_small&quot;},&quot;bt_bb_bottom_spacing_&quot;:{&quot;current_class&quot;:&quot;bt_bb_bottom_spacing_none&quot;,&quot;def&quot;:&quot;none&quot;}}\"><\/div><div data-bb-version=\"4.7.6\"  class=\"bt_bb_text\" ><\/p>\n<p>Die Spiele werden mit 4 Feldspielern und 1 Torh\u00fcter vorgenommen. Jede Mannschaft besteht aus 12 Feldspielern (in 3 Linien aufgeteilt) und 1 oder 2 Torh\u00fctern. Eventuelle Verzich- te m\u00fcssen bis sp\u00e4testens einer Stunde vor Spielbeginn am Tisch der Juroren mitgeteilt werden; jene k\u00f6nnen mit vom Veranstaltungskomitee festgelegten Spielern (auch j\u00fcngeren) ersetzt werden. Die Heimmannschaft stellt die Ersatzspieler zur Verf\u00fcgung, deswegen besteht sie aus mehr als 12 Spielern. Die Zusammensetzung und Reihenfolge der Linien kann im Laufe des jeweiligen Spiels nicht ge\u00e4ndert werden. Alle spielf\u00e4higen Feldspieler m\u00fcssen eingesetzt werden.<\/p>\n<p>\n<\/div><div data-bb-version=\"4.7.6\" class=\"bt_bb_separator bt_bb_border_style_none bt_bb_top_spacing_small bt_bb_bottom_spacing_small\" data-bt-override-class=\"{&quot;bt_bb_top_spacing_&quot;:{&quot;current_class&quot;:&quot;bt_bb_top_spacing_small&quot;,&quot;def&quot;:&quot;small&quot;},&quot;bt_bb_bottom_spacing_&quot;:{&quot;current_class&quot;:&quot;bt_bb_bottom_spacing_small&quot;,&quot;def&quot;:&quot;small&quot;}}\"><\/div><header data-bb-version=\"4.7.6\" class=\"bt_bb_headline bt_bb_text_transform_uppercase bt_bb_superheadline_font_weight_900 bt_bb_subheadline_text_transform_default bt_bb_color_scheme_5 bt_bb_dash_none bt_bb_size_inherit bt_bb_align_inherit\" style=\"; --primary-color:#191919; --secondary-color:#fe0000;\" data-bt-override-class=\"{&quot;bt_bb_size_&quot;:{&quot;current_class&quot;:&quot;bt_bb_size_inherit&quot;,&quot;def&quot;:&quot;inherit&quot;},&quot;bt_bb_align_&quot;:{&quot;current_class&quot;:&quot;bt_bb_align_inherit&quot;,&quot;def&quot;:&quot;inherit&quot;}}\"><h1 style=\"font-size:1.5rem\" class=\"bt_bb_headline_tag\"><span class=\"bt_bb_headline_content\"><span><strong>4. Spielart<\/strong><\/span><\/span><\/h1><\/header><div data-bb-version=\"4.7.6\" class=\"bt_bb_separator bt_bb_border_style_none bt_bb_top_spacing_extra_small bt_bb_bottom_spacing_none\" data-bt-override-class=\"{&quot;bt_bb_top_spacing_&quot;:{&quot;current_class&quot;:&quot;bt_bb_top_spacing_extra_small&quot;,&quot;def&quot;:&quot;extra_small&quot;},&quot;bt_bb_bottom_spacing_&quot;:{&quot;current_class&quot;:&quot;bt_bb_bottom_spacing_none&quot;,&quot;def&quot;:&quot;none&quot;}}\"><\/div><div data-bb-version=\"4.7.6\"  class=\"bt_bb_text\" ><\/p>\n<p>Jede Mannschaft ist verpflichtet, die offiziellen Trikots des Turniers zu tragen. Die Spiele finden gleichzeitig auf 2 Querfeldern statt, die mit Banden auf der blauen Linie abgegrenzt werden. Das mittlere Drittel wird von den Mannschaften als Wechsel- und Ausruhebereich und Trainer-Zone benutzt. Der festgelegte Spielbeginn ist bindend. Die Jury kann eventuelle Versp\u00e4tungen mit der Niederlage durch Forfait bestrafen. Die Partien dauern 1&#215;21 Minuten. Es wird kein Seitenwechsel vorgenommen. Die Spielzeit wird nur in Folge einer Verletzung angehalten (auf beiden Spielfeldern). Der Puck wird am Anfang der Spiele, nach jedem Tor und nach einem Unterbruch des Spieles wegen Verletzung in die Mitte des Spielfeldes eingeworfen. F\u00fcr jede andere Spielwiederaufnahme wird der Puck in eine Spielecke geworfen. Die benutzten Tore und Pucks sind in Gewicht und Gr\u00f6sse Standard.<\/p>\n<p>\n<\/div><div data-bb-version=\"4.7.6\" class=\"bt_bb_separator bt_bb_border_style_none bt_bb_top_spacing_small bt_bb_bottom_spacing_small\" data-bt-override-class=\"{&quot;bt_bb_top_spacing_&quot;:{&quot;current_class&quot;:&quot;bt_bb_top_spacing_small&quot;,&quot;def&quot;:&quot;small&quot;},&quot;bt_bb_bottom_spacing_&quot;:{&quot;current_class&quot;:&quot;bt_bb_bottom_spacing_small&quot;,&quot;def&quot;:&quot;small&quot;}}\"><\/div><header data-bb-version=\"4.7.6\" class=\"bt_bb_headline bt_bb_text_transform_uppercase bt_bb_superheadline_font_weight_900 bt_bb_subheadline_text_transform_default bt_bb_color_scheme_5 bt_bb_dash_none bt_bb_size_inherit bt_bb_align_inherit\" style=\"; --primary-color:#191919; --secondary-color:#fe0000;\" data-bt-override-class=\"{&quot;bt_bb_size_&quot;:{&quot;current_class&quot;:&quot;bt_bb_size_inherit&quot;,&quot;def&quot;:&quot;inherit&quot;},&quot;bt_bb_align_&quot;:{&quot;current_class&quot;:&quot;bt_bb_align_inherit&quot;,&quot;def&quot;:&quot;inherit&quot;}}\"><h1 style=\"font-size:1.5rem\" class=\"bt_bb_headline_tag\"><span class=\"bt_bb_headline_content\"><span><strong>5. Linienwechsel<\/strong><\/span><\/span><\/h1><\/header><div data-bb-version=\"4.7.6\" class=\"bt_bb_separator bt_bb_border_style_none bt_bb_top_spacing_extra_small bt_bb_bottom_spacing_none\" data-bt-override-class=\"{&quot;bt_bb_top_spacing_&quot;:{&quot;current_class&quot;:&quot;bt_bb_top_spacing_extra_small&quot;,&quot;def&quot;:&quot;extra_small&quot;},&quot;bt_bb_bottom_spacing_&quot;:{&quot;current_class&quot;:&quot;bt_bb_bottom_spacing_none&quot;,&quot;def&quot;:&quot;none&quot;}}\"><\/div><div data-bb-version=\"4.7.6\"  class=\"bt_bb_text\" ><\/p>\n<p>Die Spieluhr zeigt die Zeit nur in Minuten an, ohne die Sekunden anzuzeigen (au\u00dfer bei der letzten Auswechslung). Alle 60 Sekunden erklingt eine Sirene, die den fliegenden Wechsel des Blockes meldet. Dieser erfolgt, ohne dass die Zeit angehalten wird. Jeder Feldspieler verl\u00e4sst unverz\u00fcglich das Spielfeld, ohne den Puck zu ber\u00fchren. Um eventuelle Ausf\u00e4lle w\u00e4hrend des Spiels (z.B. durch Verletzungen) zu kompensieren, d\u00fcrfen sich die Spieler auf dem Eis abwechseln (Zwei-Linien-System). Auf keinen Fall darf ein Spieler zwei aufeinander folgende Wechsel vornehmen.<\/p>\n<p>\n<\/div><div data-bb-version=\"4.7.6\" class=\"bt_bb_separator bt_bb_border_style_none bt_bb_top_spacing_small bt_bb_bottom_spacing_small\" data-bt-override-class=\"{&quot;bt_bb_top_spacing_&quot;:{&quot;current_class&quot;:&quot;bt_bb_top_spacing_small&quot;,&quot;def&quot;:&quot;small&quot;},&quot;bt_bb_bottom_spacing_&quot;:{&quot;current_class&quot;:&quot;bt_bb_bottom_spacing_small&quot;,&quot;def&quot;:&quot;small&quot;}}\"><\/div><header data-bb-version=\"4.7.6\" class=\"bt_bb_headline bt_bb_text_transform_uppercase bt_bb_superheadline_font_weight_900 bt_bb_subheadline_text_transform_default bt_bb_color_scheme_5 bt_bb_dash_none bt_bb_size_inherit bt_bb_align_inherit\" style=\"; --primary-color:#191919; --secondary-color:#fe0000;\" data-bt-override-class=\"{&quot;bt_bb_size_&quot;:{&quot;current_class&quot;:&quot;bt_bb_size_inherit&quot;,&quot;def&quot;:&quot;inherit&quot;},&quot;bt_bb_align_&quot;:{&quot;current_class&quot;:&quot;bt_bb_align_inherit&quot;,&quot;def&quot;:&quot;inherit&quot;}}\"><h1 style=\"font-size:1.5rem\" class=\"bt_bb_headline_tag\"><span class=\"bt_bb_headline_content\"><span><strong>6. Schiedsrichter und Strafen<\/strong><\/span><\/span><\/h1><\/header><div data-bb-version=\"4.7.6\" class=\"bt_bb_separator bt_bb_border_style_none bt_bb_top_spacing_extra_small bt_bb_bottom_spacing_none\" data-bt-override-class=\"{&quot;bt_bb_top_spacing_&quot;:{&quot;current_class&quot;:&quot;bt_bb_top_spacing_extra_small&quot;,&quot;def&quot;:&quot;extra_small&quot;},&quot;bt_bb_bottom_spacing_&quot;:{&quot;current_class&quot;:&quot;bt_bb_bottom_spacing_none&quot;,&quot;def&quot;:&quot;none&quot;}}\"><\/div><div data-bb-version=\"4.7.6\"  class=\"bt_bb_text\" ><\/p>\n<p>F\u00fcr jedes Spiel teilt die Jury des Turniers einen Schiedsrichter und einen Richter zu. Der Schiedsrichter leitet das Spiel, spricht die Tore zu und schreibt die Strafen zu; der Richter notiert die Tore und die Strafen. Entscheide des Schiedsrichtes sind unanfechtbar. Es gelten die Spielregeln der SIHF. Im Besonderen sind nicht erlaubt: Slap-Shot, Bodycheck, das Ber\u00fchren des Pucks nach dem Erklingen der Sirene, das Betreten des Spielfeldes vor dem Erklingen der Sirene sowie jegliches unsportliche Verhalten (von Spieler, Coach oder Assistenten). Der bestrafte Spieler ist bis zum Ende des Wechsels ausgeschlossen, ohne das er ersetzt werden kann (Spiel in Unterzahl). Die Turnier Jury kann einen Spieler, einen Coach oder einen Assistenten bei schweren Verst\u00f6ssen f\u00fcr ein oder mehrere Spiele ausschliessen.<\/p>\n<p>\n<\/div><div data-bb-version=\"4.7.6\" class=\"bt_bb_separator bt_bb_border_style_none bt_bb_top_spacing_small bt_bb_bottom_spacing_small\" data-bt-override-class=\"{&quot;bt_bb_top_spacing_&quot;:{&quot;current_class&quot;:&quot;bt_bb_top_spacing_small&quot;,&quot;def&quot;:&quot;small&quot;},&quot;bt_bb_bottom_spacing_&quot;:{&quot;current_class&quot;:&quot;bt_bb_bottom_spacing_small&quot;,&quot;def&quot;:&quot;small&quot;}}\"><\/div><header data-bb-version=\"4.7.6\" class=\"bt_bb_headline bt_bb_text_transform_uppercase bt_bb_superheadline_font_weight_900 bt_bb_subheadline_text_transform_default bt_bb_color_scheme_5 bt_bb_dash_none bt_bb_size_inherit bt_bb_align_inherit\" style=\"; --primary-color:#191919; --secondary-color:#fe0000;\" data-bt-override-class=\"{&quot;bt_bb_size_&quot;:{&quot;current_class&quot;:&quot;bt_bb_size_inherit&quot;,&quot;def&quot;:&quot;inherit&quot;},&quot;bt_bb_align_&quot;:{&quot;current_class&quot;:&quot;bt_bb_align_inherit&quot;,&quot;def&quot;:&quot;inherit&quot;}}\"><h1 style=\"font-size:1.5rem\" class=\"bt_bb_headline_tag\"><span class=\"bt_bb_headline_content\"><span><strong>7. Punkteverteilung und Rangliste<\/strong><\/span><\/span><\/h1><\/header><div data-bb-version=\"4.7.6\" class=\"bt_bb_separator bt_bb_border_style_none bt_bb_top_spacing_extra_small bt_bb_bottom_spacing_none\" data-bt-override-class=\"{&quot;bt_bb_top_spacing_&quot;:{&quot;current_class&quot;:&quot;bt_bb_top_spacing_extra_small&quot;,&quot;def&quot;:&quot;extra_small&quot;},&quot;bt_bb_bottom_spacing_&quot;:{&quot;current_class&quot;:&quot;bt_bb_bottom_spacing_none&quot;,&quot;def&quot;:&quot;none&quot;}}\"><\/div><div data-bb-version=\"4.7.6\"  class=\"bt_bb_text\" ><\/p>\n<p>Bei jedem Gruppenspiel werden f\u00fcr einen Sieg 2 Punkte, f\u00fcr ein Unentschieden 1 Punkt und 0 Punkte f\u00fcr eine Niederlage oder Forfait (mit Endergebniss 0-5) erteilt. Die vorl\u00e4ufige Rangliste erfolgt gem\u00e4ss den folgenden Kriterien: Anzahl Punkte, direkte Be- gegnung, Torverh\u00e4ltnis, Anzahl erzielter Tore, Los. Steht im Platzie- rungsspiel nach Ablauf der Spielzeit das Resultat auf unentschieden, wird das Penalty-Schiessen zur Ermittlung eines Siegers durchgef\u00fchrt. Jede Mannschaft hat 3 Sch\u00fcsse zu schie\u00dfen. Steht das Spiel danach immer noch auf unentschieden, werden weitere Sch\u00fcsse ausgef\u00fchrt, bis ein entscheidendes Tor erzielt wird, (Gleich viele Sch\u00fcsse pro Mannschaft). Kein Spieler ist berechtigt, zwei Strafst\u00f6sse zu schiessen, bevor alle Spieler der Mannschaft einen Strafstoss geschossen haben.<\/p>\n<p>\n<\/div><div data-bb-version=\"4.7.6\" class=\"bt_bb_separator bt_bb_border_style_none bt_bb_top_spacing_small bt_bb_bottom_spacing_small\" data-bt-override-class=\"{&quot;bt_bb_top_spacing_&quot;:{&quot;current_class&quot;:&quot;bt_bb_top_spacing_small&quot;,&quot;def&quot;:&quot;small&quot;},&quot;bt_bb_bottom_spacing_&quot;:{&quot;current_class&quot;:&quot;bt_bb_bottom_spacing_small&quot;,&quot;def&quot;:&quot;small&quot;}}\"><\/div><header data-bb-version=\"4.7.6\" class=\"bt_bb_headline bt_bb_text_transform_uppercase bt_bb_superheadline_font_weight_900 bt_bb_subheadline_text_transform_default bt_bb_color_scheme_5 bt_bb_dash_none bt_bb_size_inherit bt_bb_align_inherit\" style=\"; --primary-color:#191919; --secondary-color:#fe0000;\" data-bt-override-class=\"{&quot;bt_bb_size_&quot;:{&quot;current_class&quot;:&quot;bt_bb_size_inherit&quot;,&quot;def&quot;:&quot;inherit&quot;},&quot;bt_bb_align_&quot;:{&quot;current_class&quot;:&quot;bt_bb_align_inherit&quot;,&quot;def&quot;:&quot;inherit&quot;}}\"><h1 style=\"font-size:1.5rem\" class=\"bt_bb_headline_tag\"><span class=\"bt_bb_headline_content\"><span><strong>8. Siegerehrung<\/strong><\/span><\/span><\/h1><\/header><div data-bb-version=\"4.7.6\" class=\"bt_bb_separator bt_bb_border_style_none bt_bb_top_spacing_extra_small bt_bb_bottom_spacing_none\" data-bt-override-class=\"{&quot;bt_bb_top_spacing_&quot;:{&quot;current_class&quot;:&quot;bt_bb_top_spacing_extra_small&quot;,&quot;def&quot;:&quot;extra_small&quot;},&quot;bt_bb_bottom_spacing_&quot;:{&quot;current_class&quot;:&quot;bt_bb_bottom_spacing_none&quot;,&quot;def&quot;:&quot;none&quot;}}\"><\/div><div data-bb-version=\"4.7.6\"  class=\"bt_bb_text\" ><\/p>\n<p>Alle beteiligten Mannschaften werden einen Preis bekommen. Das Team mit den wenigsten Strafminuten w\u00e4hrend des Turniers erh\u00e4lt den Fair-Play-Preis (bei Gleichstand die schlechteste Platzierung). Das originellste Publikum erh\u00e4lt den Supporter Award. Die Teilnahme an der Siegerehrung ist obligatorisch. Alle Spieler m\u00fcssen das offizielle Turniertrikot tragen. Die Trikots werden jedem Spieler als Andenken an das Turnier geschenkt.<\/p>\n<p>\n<\/div><\/div><\/div><\/div><\/div><\/div><\/div><!-- cell_inner --><\/div><!-- cell --><\/div><!-- port --><\/section><section data-bb-version=\"4.7.6\" id=\"bt_bb_section69faaf2f078ec\" class=\"bt_bb_section bt_bb_layout_boxed_1200 bt_bb_vertical_align_top bt_bb_top_spacing_medium bt_bb_bottom_spacing_medium\"  data-bt-override-class=\"{&quot;bt_bb_top_spacing_&quot;:{&quot;current_class&quot;:&quot;bt_bb_top_spacing_medium&quot;,&quot;def&quot;:&quot;medium&quot;},&quot;bt_bb_bottom_spacing_&quot;:{&quot;current_class&quot;:&quot;bt_bb_bottom_spacing_medium&quot;,&quot;def&quot;:&quot;medium&quot;}}\"><div class=\"bt_bb_port\"><div class=\"bt_bb_cell\"><div class=\"bt_bb_cell_inner\"><div class=\"bt_bb_row \"  data-bt-override-class=\"{}\"><div class=\"bt_bb_row_holder\" ><div data-bb-version=\"4.7.6\"  class=\"bt_bb_column col-xxl-12 col-xl-12 col-xs-12 col-sm-12 col-md-12 col-lg-12 bt_bb_vertical_align_top bt_bb_align_left bt_bb_padding_normal\" style=\"; --column-width:12;\" data-width=\"12\" data-bt-override-class=\"{}\"><div class=\"bt_bb_column_content\"><div class=\"bt_bb_column_content_inner\"><\/div><\/div><\/div><\/div><\/div><\/div><!-- cell_inner --><\/div><!-- cell --><\/div><!-- port --><\/section><\/p>\n","protected":false},"excerpt":{"rendered":"","protected":false},"author":1,"featured_media":2540,"parent":4291,"menu_order":0,"comment_status":"closed","ping_status":"closed","template":"","meta":{"footnotes":""},"class_list":["post-2544","page","type-page","status-publish","has-post-thumbnail","hentry"],"_links":{"self":[{"href":"https:\/\/youngsnakes.ch\/de\/wp-json\/wp\/v2\/pages\/2544","targetHints":{"allow":["GET"]}}],"collection":[{"href":"https:\/\/youngsnakes.ch\/de\/wp-json\/wp\/v2\/pages"}],"about":[{"href":"https:\/\/youngsnakes.ch\/de\/wp-json\/wp\/v2\/types\/page"}],"author":[{"embeddable":true,"href":"https:\/\/youngsnakes.ch\/de\/wp-json\/wp\/v2\/users\/1"}],"replies":[{"embeddable":true,"href":"https:\/\/youngsnakes.ch\/de\/wp-json\/wp\/v2\/comments?post=2544"}],"version-history":[{"count":28,"href":"https:\/\/youngsnakes.ch\/de\/wp-json\/wp\/v2\/pages\/2544\/revisions"}],"predecessor-version":[{"id":7389,"href":"https:\/\/youngsnakes.ch\/de\/wp-json\/wp\/v2\/pages\/2544\/revisions\/7389"}],"up":[{"embeddable":true,"href":"https:\/\/youngsnakes.ch\/de\/wp-json\/wp\/v2\/pages\/4291"}],"wp:featuredmedia":[{"embeddable":true,"href":"https:\/\/youngsnakes.ch\/de\/wp-json\/wp\/v2\/media\/2540"}],"wp:attachment":[{"href":"https:\/\/youngsnakes.ch\/de\/wp-json\/wp\/v2\/media?parent=2544"}],"curies":[{"name":"wp","href":"https:\/\/api.w.org\/{rel}","templated":true}]}}