{"id":3083,"date":"2024-01-15T15:44:19","date_gmt":"2024-01-15T14:44:19","guid":{"rendered":"https:\/\/youngsnakes.ch\/turnierreglement\/"},"modified":"2025-10-13T14:58:09","modified_gmt":"2025-10-13T12:58:09","slug":"turnierreglement","status":"publish","type":"page","link":"https:\/\/youngsnakes.ch\/de\/under-13\/turnierreglement\/","title":{"rendered":"Turnierreglement"},"content":{"rendered":"<p><section data-bb-version=\"4.7.6\" id=\"bt_bb_section69fa4714219d1\" class=\"bt_bb_section bt_bb_layout_boxed_left_right_1200 bt_bb_vertical_align_top bt_bb_top_spacing_normal bt_bb_bottom_spacing_normal bt_bb_top_negative_margin_normal bt_bb_highlight_shadow\" style=\";background-color:rgb(255,255,255);\" data-bt-override-class=\"{&quot;bt_bb_top_spacing_&quot;:{&quot;current_class&quot;:&quot;bt_bb_top_spacing_normal&quot;,&quot;def&quot;:&quot;normal&quot;},&quot;bt_bb_bottom_spacing_&quot;:{&quot;current_class&quot;:&quot;bt_bb_bottom_spacing_normal&quot;,&quot;def&quot;:&quot;normal&quot;}}\"><div class=\"bt_bb_port\"><div class=\"bt_bb_cell\"><div class=\"bt_bb_cell_inner\"><div class=\"bt_bb_row \"  data-bt-override-class=\"{}\"><div class=\"bt_bb_row_holder\" ><div data-bb-version=\"4.7.6\"  class=\"bt_bb_column col-xxl-12 col-xl-12 col-xs-12 col-sm-12 col-md-12 col-lg-12 bt_bb_vertical_align_top bt_bb_align_left bt_bb_padding_normal\" style=\"; --column-width:12;\" data-width=\"12\" data-bt-override-class=\"{}\"><div class=\"bt_bb_column_content\"><div class=\"bt_bb_column_content_inner\"><header data-bb-version=\"5.4.7\" class=\"bt_bb_headline bt_bb_color_scheme_5 bt_bb_dash_none bt_bb_superheadline bt_bb_superheadline_outside bt_bb_subheadline bt_bb_size_inherit bt_bb_align_inherit\" style=\"; --primary-color:#191919; --secondary-color:#fe0000;\" data-bt-override-class=\"{&quot;bt_bb_size_&quot;:{&quot;current_class&quot;:&quot;bt_bb_size_inherit&quot;,&quot;def&quot;:&quot;inherit&quot;},&quot;bt_bb_align_&quot;:{&quot;current_class&quot;:&quot;bt_bb_align_inherit&quot;,&quot;def&quot;:&quot;inherit&quot;},&quot;bt_bb_animation_&quot;:{&quot;current_class&quot;:&quot;bt_bb_animation_no_animation&quot;,&quot;def&quot;:&quot;no_animation&quot;}}\"><div class=\"bt_bb_headline_superheadline_outside\"><span class=\"bt_bb_headline_superheadline\">Reglement 2026<\/span><\/div><h1 class=\"bt_bb_headline_tag\"><span class=\"bt_bb_headline_content\"><span><strong>Young Snakes U13<\/strong> Memorial Enea e Ferdy<\/span><\/span><\/h1><div class=\"bt_bb_headline_subheadline\">Verbindliche Version ist die italienische Originalfassung<\/div><\/header><div data-bb-version=\"4.7.6\" class=\"bt_bb_separator bt_bb_border_style_none bt_bb_top_spacing_small bt_bb_bottom_spacing_small\" data-bt-override-class=\"{&quot;bt_bb_top_spacing_&quot;:{&quot;current_class&quot;:&quot;bt_bb_top_spacing_small&quot;,&quot;def&quot;:&quot;small&quot;},&quot;bt_bb_bottom_spacing_&quot;:{&quot;current_class&quot;:&quot;bt_bb_bottom_spacing_small&quot;,&quot;def&quot;:&quot;small&quot;}}\"><\/div><header data-bb-version=\"4.7.6\" class=\"bt_bb_headline bt_bb_text_transform_uppercase bt_bb_superheadline_font_weight_900 bt_bb_subheadline_text_transform_default bt_bb_color_scheme_5 bt_bb_dash_none bt_bb_size_inherit bt_bb_align_inherit\" style=\"; --primary-color:#191919; --secondary-color:#fe0000;\" data-bt-override-class=\"{&quot;bt_bb_size_&quot;:{&quot;current_class&quot;:&quot;bt_bb_size_inherit&quot;,&quot;def&quot;:&quot;inherit&quot;},&quot;bt_bb_align_&quot;:{&quot;current_class&quot;:&quot;bt_bb_align_inherit&quot;,&quot;def&quot;:&quot;inherit&quot;}}\"><h1 style=\"font-size:1.5rem\" class=\"bt_bb_headline_tag\"><span class=\"bt_bb_headline_content\"><span><strong>1. Kategorie<\/strong><\/span><\/span><\/h1><\/header><div data-bb-version=\"4.7.6\" class=\"bt_bb_separator bt_bb_border_style_none bt_bb_top_spacing_extra_small bt_bb_bottom_spacing_none\" data-bt-override-class=\"{&quot;bt_bb_top_spacing_&quot;:{&quot;current_class&quot;:&quot;bt_bb_top_spacing_extra_small&quot;,&quot;def&quot;:&quot;extra_small&quot;},&quot;bt_bb_bottom_spacing_&quot;:{&quot;current_class&quot;:&quot;bt_bb_bottom_spacing_none&quot;,&quot;def&quot;:&quot;none&quot;}}\"><\/div><div data-bb-version=\"4.7.6\"  class=\"bt_bb_text\" ><\/p>\n<p>Spielberechtigt sind alle Spieler die nach dem 1. Januar 2013 und alle Spielerinnen die nach dem 1. Januar 2012 geboren sind. Jeder Spieler ben\u00f6tigt einen g\u00fcltigen Personalausweis, der den Organisatoren auf Anfrage vorgewiesen werden muss.<\/p>\n<p>\n<\/div><div data-bb-version=\"4.7.6\" class=\"bt_bb_separator bt_bb_border_style_none bt_bb_top_spacing_small bt_bb_bottom_spacing_small\" data-bt-override-class=\"{&quot;bt_bb_top_spacing_&quot;:{&quot;current_class&quot;:&quot;bt_bb_top_spacing_small&quot;,&quot;def&quot;:&quot;small&quot;},&quot;bt_bb_bottom_spacing_&quot;:{&quot;current_class&quot;:&quot;bt_bb_bottom_spacing_small&quot;,&quot;def&quot;:&quot;small&quot;}}\"><\/div><header data-bb-version=\"4.7.6\" class=\"bt_bb_headline bt_bb_text_transform_uppercase bt_bb_superheadline_font_weight_900 bt_bb_subheadline_text_transform_default bt_bb_color_scheme_5 bt_bb_dash_none bt_bb_size_inherit bt_bb_align_inherit\" style=\"; --primary-color:#191919; --secondary-color:#fe0000;\" data-bt-override-class=\"{&quot;bt_bb_size_&quot;:{&quot;current_class&quot;:&quot;bt_bb_size_inherit&quot;,&quot;def&quot;:&quot;inherit&quot;},&quot;bt_bb_align_&quot;:{&quot;current_class&quot;:&quot;bt_bb_align_inherit&quot;,&quot;def&quot;:&quot;inherit&quot;}}\"><h1 style=\"font-size:1.5rem\" class=\"bt_bb_headline_tag\"><span class=\"bt_bb_headline_content\"><span><strong>2. Programm<\/strong><\/span><\/span><\/h1><\/header><div data-bb-version=\"4.7.6\" class=\"bt_bb_separator bt_bb_border_style_none bt_bb_top_spacing_extra_small bt_bb_bottom_spacing_none\" data-bt-override-class=\"{&quot;bt_bb_top_spacing_&quot;:{&quot;current_class&quot;:&quot;bt_bb_top_spacing_extra_small&quot;,&quot;def&quot;:&quot;extra_small&quot;},&quot;bt_bb_bottom_spacing_&quot;:{&quot;current_class&quot;:&quot;bt_bb_bottom_spacing_none&quot;,&quot;def&quot;:&quot;none&quot;}}\"><\/div><div data-bb-version=\"4.7.6\"  class=\"bt_bb_text\" ><\/p>\n<p>Am Turnier nehmen 10 Mannschaften teil, die in zwei Gruppen mit 5 Mannschaften aufgeteilt werden. Jedes Team f\u00fchrt 5 Spiele durch: 4 Gruppenspiele und 1 Platzierungsspiel.<\/p>\n<p>\n<\/div><div data-bb-version=\"4.7.6\" class=\"bt_bb_separator bt_bb_border_style_none bt_bb_top_spacing_small bt_bb_bottom_spacing_small\" data-bt-override-class=\"{&quot;bt_bb_top_spacing_&quot;:{&quot;current_class&quot;:&quot;bt_bb_top_spacing_small&quot;,&quot;def&quot;:&quot;small&quot;},&quot;bt_bb_bottom_spacing_&quot;:{&quot;current_class&quot;:&quot;bt_bb_bottom_spacing_small&quot;,&quot;def&quot;:&quot;small&quot;}}\"><\/div><header data-bb-version=\"4.7.6\" class=\"bt_bb_headline bt_bb_text_transform_uppercase bt_bb_superheadline_font_weight_900 bt_bb_subheadline_text_transform_default bt_bb_color_scheme_5 bt_bb_dash_none bt_bb_size_inherit bt_bb_align_inherit\" style=\"; --primary-color:#191919; --secondary-color:#fe0000;\" data-bt-override-class=\"{&quot;bt_bb_size_&quot;:{&quot;current_class&quot;:&quot;bt_bb_size_inherit&quot;,&quot;def&quot;:&quot;inherit&quot;},&quot;bt_bb_align_&quot;:{&quot;current_class&quot;:&quot;bt_bb_align_inherit&quot;,&quot;def&quot;:&quot;inherit&quot;}}\"><h1 style=\"font-size:1.5rem\" class=\"bt_bb_headline_tag\"><span class=\"bt_bb_headline_content\"><span><strong>3. Spielart<\/strong><\/span><\/span><\/h1><\/header><div data-bb-version=\"4.7.6\" class=\"bt_bb_separator bt_bb_border_style_none bt_bb_top_spacing_extra_small bt_bb_bottom_spacing_none\" data-bt-override-class=\"{&quot;bt_bb_top_spacing_&quot;:{&quot;current_class&quot;:&quot;bt_bb_top_spacing_extra_small&quot;,&quot;def&quot;:&quot;extra_small&quot;},&quot;bt_bb_bottom_spacing_&quot;:{&quot;current_class&quot;:&quot;bt_bb_bottom_spacing_none&quot;,&quot;def&quot;:&quot;none&quot;}}\"><\/div><div data-bb-version=\"4.7.6\"  class=\"bt_bb_text\" ><\/p>\n<p>Jede Mannschaft ist verpflichtet, die offiziellen Trikots des Turniers zu tragen. Ein Spiel beinhaltet, nach einer 5-min\u00fc- tigen Aufw\u00e4rmphase ohne Puck, 2 Halbzeiten \u00e0 15 Minuten effektives Spiel (mit Spielzeitunterbrechung) und eine Pause von 3 Minuten zwischen den Halbzeiten ohne R\u00fcckkehr in die Umkleidekabinen. Der festgelegte Spielbeginn ist bindend. Die Jury kann eventuelle Versp\u00e4tungen mit der Niederlage durch Forfait bestrafen. Den Mannschaften steht ein Time-out \u00e0 30 Sekunden pro Halbzeit zur Verf\u00fcgung. Das Resultat jeder Halbzeit des Gruppenspiels z\u00e4hlt separat f\u00fcr die Punktetabelle.<\/p>\n<p>\n<\/div><div data-bb-version=\"4.7.6\" class=\"bt_bb_separator bt_bb_border_style_none bt_bb_top_spacing_small bt_bb_bottom_spacing_small\" data-bt-override-class=\"{&quot;bt_bb_top_spacing_&quot;:{&quot;current_class&quot;:&quot;bt_bb_top_spacing_small&quot;,&quot;def&quot;:&quot;small&quot;},&quot;bt_bb_bottom_spacing_&quot;:{&quot;current_class&quot;:&quot;bt_bb_bottom_spacing_small&quot;,&quot;def&quot;:&quot;small&quot;}}\"><\/div><header data-bb-version=\"4.7.6\" class=\"bt_bb_headline bt_bb_text_transform_uppercase bt_bb_superheadline_font_weight_900 bt_bb_subheadline_text_transform_default bt_bb_color_scheme_5 bt_bb_dash_none bt_bb_size_inherit bt_bb_align_inherit\" style=\"; --primary-color:#191919; --secondary-color:#fe0000;\" data-bt-override-class=\"{&quot;bt_bb_size_&quot;:{&quot;current_class&quot;:&quot;bt_bb_size_inherit&quot;,&quot;def&quot;:&quot;inherit&quot;},&quot;bt_bb_align_&quot;:{&quot;current_class&quot;:&quot;bt_bb_align_inherit&quot;,&quot;def&quot;:&quot;inherit&quot;}}\"><h1 style=\"font-size:1.5rem\" class=\"bt_bb_headline_tag\"><span class=\"bt_bb_headline_content\"><span><strong>4. Schiedsrichter und Strafen<\/strong><\/span><\/span><\/h1><\/header><div data-bb-version=\"4.7.6\" class=\"bt_bb_separator bt_bb_border_style_none bt_bb_top_spacing_extra_small bt_bb_bottom_spacing_none\" data-bt-override-class=\"{&quot;bt_bb_top_spacing_&quot;:{&quot;current_class&quot;:&quot;bt_bb_top_spacing_extra_small&quot;,&quot;def&quot;:&quot;extra_small&quot;},&quot;bt_bb_bottom_spacing_&quot;:{&quot;current_class&quot;:&quot;bt_bb_bottom_spacing_none&quot;,&quot;def&quot;:&quot;none&quot;}}\"><\/div><div data-bb-version=\"4.7.6\"  class=\"bt_bb_text\" ><\/p>\n<p>Die Spiele werden von offiziellen Schiedsrichtern der Swiss ice Hockey Federation (SIHF) geleitet. Es gelten die SIHF-Spielregeln mit folgenden \u00c4nderungen: Es d\u00fcrfen nur Strafen von zwei Minuten (bei numerischer Unterlegenheit), f\u00fcnf Disziplinarminuten oder Matchstrafe verh\u00e4ngt werden. Matchstrafen f\u00fchren automatisch zur Disqualifikation des bestraften Spielers f\u00fcr das n\u00e4chste Gruppenspiel oder, bei Wiederholungst\u00e4tern, f\u00fcr die gesamte Fortsetzung des Turniers. Die Schiedsrichterentscheide sind unanfechtbar. Die Turnier Jury kann einen Spieler, einen Coach oder einen Assistenten bei schweren Verst\u00f6ssen f\u00fcr ein oder mehrere Spiele ausschliessen.<\/p>\n<p>\n<\/div><div data-bb-version=\"4.7.6\" class=\"bt_bb_separator bt_bb_border_style_none bt_bb_top_spacing_small bt_bb_bottom_spacing_small\" data-bt-override-class=\"{&quot;bt_bb_top_spacing_&quot;:{&quot;current_class&quot;:&quot;bt_bb_top_spacing_small&quot;,&quot;def&quot;:&quot;small&quot;},&quot;bt_bb_bottom_spacing_&quot;:{&quot;current_class&quot;:&quot;bt_bb_bottom_spacing_small&quot;,&quot;def&quot;:&quot;small&quot;}}\"><\/div><header data-bb-version=\"4.7.6\" class=\"bt_bb_headline bt_bb_text_transform_uppercase bt_bb_superheadline_font_weight_900 bt_bb_subheadline_text_transform_default bt_bb_color_scheme_5 bt_bb_dash_none bt_bb_size_inherit bt_bb_align_inherit\" style=\"; --primary-color:#191919; --secondary-color:#fe0000;\" data-bt-override-class=\"{&quot;bt_bb_size_&quot;:{&quot;current_class&quot;:&quot;bt_bb_size_inherit&quot;,&quot;def&quot;:&quot;inherit&quot;},&quot;bt_bb_align_&quot;:{&quot;current_class&quot;:&quot;bt_bb_align_inherit&quot;,&quot;def&quot;:&quot;inherit&quot;}}\"><h1 style=\"font-size:1.5rem\" class=\"bt_bb_headline_tag\"><span class=\"bt_bb_headline_content\"><span><strong>5. Punkteverteilung und Rangliste<\/strong><\/span><\/span><\/h1><\/header><div data-bb-version=\"4.7.6\" class=\"bt_bb_separator bt_bb_border_style_none bt_bb_top_spacing_extra_small bt_bb_bottom_spacing_none\" data-bt-override-class=\"{&quot;bt_bb_top_spacing_&quot;:{&quot;current_class&quot;:&quot;bt_bb_top_spacing_extra_small&quot;,&quot;def&quot;:&quot;extra_small&quot;},&quot;bt_bb_bottom_spacing_&quot;:{&quot;current_class&quot;:&quot;bt_bb_bottom_spacing_none&quot;,&quot;def&quot;:&quot;none&quot;}}\"><\/div><div data-bb-version=\"4.7.6\"  class=\"bt_bb_text\" ><\/p>\n<p>Bei jeder Halbzeit des Gruppenspiels werden f\u00fcr einen Sieg 2 Punkte, f\u00fcr ein Unentschieden 1 Punkt und 0 Punkte f\u00fcr eine Nieder- lage oder Forfait (mit Endergebniss 0-5) erteilt. Die vorl\u00e4ufige Rangliste wird nach folgenden Kriterien erstellt: Punkte, direktes Aufeinandertreffen (Summe der beiden Halbzeiten), Tordifferenz, Anzahl der erzielten Tore, Unentschieden. Steht im Platzierungs- spielen nach Ablauf der Spielzeit das Resultat auf unentschieden, wird das Penalty-Schiessen zur Ermittlung eines Siegers durchgef\u00fchrt. Jede Mannschaft hat 3 Sch\u00fcsse zu schie\u00dfen. Steht das Spiel danach immer noch auf unentschieden, werden weitere Sch\u00fcsse ausgef\u00fchrt, bis ein entscheidendes Tor erzielt wird, (Gleich viele Sch\u00fcsse pro Mannschaft).<\/p>\n<p>\n<\/div><div data-bb-version=\"4.7.6\" class=\"bt_bb_separator bt_bb_border_style_none bt_bb_top_spacing_small bt_bb_bottom_spacing_small\" data-bt-override-class=\"{&quot;bt_bb_top_spacing_&quot;:{&quot;current_class&quot;:&quot;bt_bb_top_spacing_small&quot;,&quot;def&quot;:&quot;small&quot;},&quot;bt_bb_bottom_spacing_&quot;:{&quot;current_class&quot;:&quot;bt_bb_bottom_spacing_small&quot;,&quot;def&quot;:&quot;small&quot;}}\"><\/div><header data-bb-version=\"4.8.8\" class=\"bt_bb_headline bt_bb_text_transform_uppercase bt_bb_superheadline_font_weight_900 bt_bb_subheadline_text_transform_default bt_bb_color_scheme_5 bt_bb_dash_none bt_bb_size_inherit bt_bb_align_inherit\" style=\"; --primary-color:#191919; --secondary-color:#fe0000;\" data-bt-override-class=\"{&quot;bt_bb_size_&quot;:{&quot;current_class&quot;:&quot;bt_bb_size_inherit&quot;,&quot;def&quot;:&quot;inherit&quot;},&quot;bt_bb_align_&quot;:{&quot;current_class&quot;:&quot;bt_bb_align_inherit&quot;,&quot;def&quot;:&quot;inherit&quot;}}\"><h1 style=\"font-size:1.5rem\" class=\"bt_bb_headline_tag\"><span class=\"bt_bb_headline_content\"><span><strong>6. Siegerherung<\/strong><\/span><\/span><\/h1><\/header><div data-bb-version=\"4.7.6\" class=\"bt_bb_separator bt_bb_border_style_none bt_bb_top_spacing_extra_small bt_bb_bottom_spacing_none\" data-bt-override-class=\"{&quot;bt_bb_top_spacing_&quot;:{&quot;current_class&quot;:&quot;bt_bb_top_spacing_extra_small&quot;,&quot;def&quot;:&quot;extra_small&quot;},&quot;bt_bb_bottom_spacing_&quot;:{&quot;current_class&quot;:&quot;bt_bb_bottom_spacing_none&quot;,&quot;def&quot;:&quot;none&quot;}}\"><\/div><div data-bb-version=\"4.7.6\"  class=\"bt_bb_text\" ><\/p>\n<p>Alle beteiligten Mannschaften werden einen Preis bekommen. Das Team mit den wenigsten Strafminuten w\u00e4hrend des Turniers erh\u00e4lt den Fair-Play-Preis (bei Gleichstand die schlechteste Platzierung). Das originellste Publikum erh\u00e4lt den Supporter Award. Die Teilnahme an der Siegerehrung ist obligatorisch. Alle Spieler m\u00fcssen das offizielle Turniertrikot tragen. Die Trikots werden jedem Spieler als Andenken an das Turnier geschenkt.<\/p>\n<p>\n<\/div><\/div><\/div><\/div><\/div><\/div><\/div><!-- cell_inner --><\/div><!-- cell --><\/div><!-- port --><\/section><section data-bb-version=\"4.7.6\" id=\"bt_bb_section69fa471423a26\" class=\"bt_bb_section bt_bb_layout_boxed_1200 bt_bb_vertical_align_top bt_bb_top_spacing_medium bt_bb_bottom_spacing_medium\"  data-bt-override-class=\"{&quot;bt_bb_top_spacing_&quot;:{&quot;current_class&quot;:&quot;bt_bb_top_spacing_medium&quot;,&quot;def&quot;:&quot;medium&quot;},&quot;bt_bb_bottom_spacing_&quot;:{&quot;current_class&quot;:&quot;bt_bb_bottom_spacing_medium&quot;,&quot;def&quot;:&quot;medium&quot;}}\"><div class=\"bt_bb_port\"><div class=\"bt_bb_cell\"><div class=\"bt_bb_cell_inner\"><div class=\"bt_bb_row \"  data-bt-override-class=\"{}\"><div class=\"bt_bb_row_holder\" ><div data-bb-version=\"4.7.6\"  class=\"bt_bb_column col-xxl-12 col-xl-12 col-xs-12 col-sm-12 col-md-12 col-lg-12 bt_bb_vertical_align_top bt_bb_align_left bt_bb_padding_normal\" style=\"; --column-width:12;\" data-width=\"12\" data-bt-override-class=\"{}\"><div class=\"bt_bb_column_content\"><div class=\"bt_bb_column_content_inner\"><\/div><\/div><\/div><\/div><\/div><\/div><!-- cell_inner --><\/div><!-- cell --><\/div><!-- port --><\/section><\/p>\n","protected":false},"excerpt":{"rendered":"","protected":false},"author":1,"featured_media":2540,"parent":4294,"menu_order":0,"comment_status":"closed","ping_status":"closed","template":"","meta":{"footnotes":""},"class_list":["post-3083","page","type-page","status-publish","has-post-thumbnail","hentry"],"_links":{"self":[{"href":"https:\/\/youngsnakes.ch\/de\/wp-json\/wp\/v2\/pages\/3083","targetHints":{"allow":["GET"]}}],"collection":[{"href":"https:\/\/youngsnakes.ch\/de\/wp-json\/wp\/v2\/pages"}],"about":[{"href":"https:\/\/youngsnakes.ch\/de\/wp-json\/wp\/v2\/types\/page"}],"author":[{"embeddable":true,"href":"https:\/\/youngsnakes.ch\/de\/wp-json\/wp\/v2\/users\/1"}],"replies":[{"embeddable":true,"href":"https:\/\/youngsnakes.ch\/de\/wp-json\/wp\/v2\/comments?post=3083"}],"version-history":[{"count":31,"href":"https:\/\/youngsnakes.ch\/de\/wp-json\/wp\/v2\/pages\/3083\/revisions"}],"predecessor-version":[{"id":7396,"href":"https:\/\/youngsnakes.ch\/de\/wp-json\/wp\/v2\/pages\/3083\/revisions\/7396"}],"up":[{"embeddable":true,"href":"https:\/\/youngsnakes.ch\/de\/wp-json\/wp\/v2\/pages\/4294"}],"wp:featuredmedia":[{"embeddable":true,"href":"https:\/\/youngsnakes.ch\/de\/wp-json\/wp\/v2\/media\/2540"}],"wp:attachment":[{"href":"https:\/\/youngsnakes.ch\/de\/wp-json\/wp\/v2\/media?parent=3083"}],"curies":[{"name":"wp","href":"https:\/\/api.w.org\/{rel}","templated":true}]}}